{"id":2569,"date":"2019-01-06T12:11:12","date_gmt":"2019-01-06T10:11:12","guid":{"rendered":"http:\/\/dev.efistudios.gr\/equipements\/"},"modified":"2020-05-22T17:37:29","modified_gmt":"2020-05-22T14:37:29","slug":"equipements","status":"publish","type":"page","link":"https:\/\/www.efistudios.gr\/fr\/equipements\/","title":{"rendered":"\u00c9quipements"},"content":{"rendered":"<div class=\"fusion-fullwidth fullwidth-box fusion-builder-row-1 nonhundred-percent-fullwidth non-hundred-percent-height-scrolling\" style=\"--awb-border-radius-top-left:0px;--awb-border-radius-top-right:0px;--awb-border-radius-bottom-right:0px;--awb-border-radius-bottom-left:0px;--awb-flex-wrap:wrap;\" ><div class=\"fusion-builder-row fusion-row\"><div class=\"fusion-layout-column fusion_builder_column fusion-builder-column-0 fusion_builder_column_1_3 1_3 fusion-one-third fusion-column-first\" style=\"--awb-bg-size:cover;--awb-margin-bottom:0px;width:30.6666%; margin-right: 4%;\"><div class=\"fusion-column-wrapper fusion-flex-column-wrapper-legacy\"><div class=\"fusion-image-element in-legacy-container\" style=\"--awb-caption-title-font-family:var(--h2_typography-font-family);--awb-caption-title-font-weight:var(--h2_typography-font-weight);--awb-caption-title-font-style:var(--h2_typography-font-style);--awb-caption-title-size:var(--h2_typography-font-size);--awb-caption-title-transform:var(--h2_typography-text-transform);--awb-caption-title-line-height:var(--h2_typography-line-height);--awb-caption-title-letter-spacing:var(--h2_typography-letter-spacing);\"><span class=\" fusion-imageframe imageframe-dropshadow imageframe-1 hover-type-zoomin\" style=\"border:1px solid #f6f6f6;-webkit-box-shadow: 3px 3px 7px rgba(0,0,0,0.3);box-shadow: 3px 3px 7px rgba(0,0,0,0.3);\"><a href=\"https:\/\/www.efistudios.gr\/wp-content\/uploads\/2019\/02\/DSC_5963-600x400.jpg\" class=\"fusion-lightbox\" data-rel=\"iLightbox[3d9e9426602d8e391ae]\" data-title=\"Studios Efi \u00e0 Drios, Paros\" title=\"Studios Efi \u00e0 Drios, Paros\"><img decoding=\"async\" width=\"600\" height=\"400\" alt=\"Studios Efi \u00e0 Drios, Paros\" src=\"https:\/\/www.efistudios.gr\/wp-content\/uploads\/2019\/02\/DSC_5963-600x400.jpg\" class=\"img-responsive wp-image-1905\" srcset=\"https:\/\/www.efistudios.gr\/wp-content\/uploads\/2019\/02\/DSC_5963-200x133.jpg 200w, https:\/\/www.efistudios.gr\/wp-content\/uploads\/2019\/02\/DSC_5963-400x267.jpg 400w, https:\/\/www.efistudios.gr\/wp-content\/uploads\/2019\/02\/DSC_5963-600x400.jpg 600w, https:\/\/www.efistudios.gr\/wp-content\/uploads\/2019\/02\/DSC_5963-800x533.jpg 800w, https:\/\/www.efistudios.gr\/wp-content\/uploads\/2019\/02\/DSC_5963-1200x800.jpg 1200w, https:\/\/www.efistudios.gr\/wp-content\/uploads\/2019\/02\/DSC_5963.jpg 1900w\" sizes=\"(max-width: 1105px) 100vw, 400px\" \/><\/a><\/span><\/div><div class=\"fusion-clearfix\"><\/div><\/div><\/div><div class=\"fusion-layout-column fusion_builder_column fusion-builder-column-1 fusion_builder_column_2_3 2_3 fusion-two-third fusion-column-last\" style=\"--awb-bg-size:cover;--awb-margin-bottom:0px;width:65.3333%;\"><div class=\"fusion-column-wrapper fusion-flex-column-wrapper-legacy\"><div class=\"fusion-text fusion-text-1 fusion-animated\" data-animationType=\"bounceInLeft\" data-animationDuration=\"0.3\" data-animationOffset=\"top-into-view\"><div class=\"vortxt\">\n<p>Que vous soyez un groupe d\u2019amis, une famille ou un sportif, nos chambres &amp; appartements \u00e0 louer sont l\u2019 id\u00e9al pour des vacances agr\u00e9ables et confortables \u00e0 Paros en Gr\u00e8ce.<br \/>\nNe manquez pas de go\u00fbter la <strong>d\u00e9licieuse cuisine d&rsquo;Anna<\/strong> dans son restaurant typiquement grec, \u00e0 quelques m\u00e8tres, au c\u0153ur du village de Drios.<\/p>\n<\/div>\n<\/div><div class=\"fusion-clearfix\"><\/div><\/div><\/div><div class=\"fusion-layout-column fusion_builder_column fusion-builder-column-2 fusion_builder_column_1_3 1_3 fusion-one-third fusion-column-first\" style=\"--awb-bg-size:cover;width:33.333333333333%;width:calc(33.333333333333% - ( ( 4% + 4% ) * 0.33333333333333 ) );margin-right: 4%;\"><div class=\"fusion-column-wrapper fusion-flex-column-wrapper-legacy\"><div class=\"fusion-content-boxes content-boxes columns row fusion-columns-1 fusion-columns-total-2 fusion-content-boxes-1 content-boxes-timeline-vertical content-left content-boxes-timeline-layout content-boxes-icon-with-title fusion-delayed-animation\" style=\"--awb-iconcolor:#000000;--awb-margin-top:0px;--awb-margin-bottom:0px;--awb-hover-accent-color:#cbaa5c;--awb-circle-hover-accent-color:transparent;--awb-item-margin-bottom:40px;\" data-animation-delay=\"350\" data-animationOffset=\"top-into-view\"><div style=\"--awb-backgroundcolor:#ffffff;--awb-iconcolor:#000000;\" class=\"fusion-column content-box-column content-box-column content-box-column-1 col-lg-12 col-md-12 col-sm-12 fusion-content-box-hover content-box-column-last-in-row\"><div class=\"col content-box-wrapper content-wrapper-background link-area-box icon-hover-animation-pulsate fusion-animated\" data-animationType=\"fadeIn\" data-animationDuration=\"0.25\" data-animationOffset=\"top-into-view\"><div class=\"heading icon-left\"><h4 class=\"content-box-heading fusion-responsive-typography-calculated\" style=\"--h4_typography-font-size:24px;--fontSize:24;line-height:1.67;\">Tous les h\u00e9bergements sont \u00e9quip\u00e9s de: <\/h4><\/div><div class=\"fusion-clearfix\"><\/div><div class=\"content-container\">\n<ul>\n<li>Unit\u00e9s de climatisation<\/li>\n<li>TV<\/li>\n<li>Plaques de cuisson<\/li>\n<li>Eau chaude (toute la journ\u00e9e)<\/li>\n<li>R\u00e9frig\u00e9rateur<\/li>\n<li>Percolateur<\/li>\n<li>Bouilloire \u00e9lectrique<\/li>\n<li>Grille-pain<\/li>\n<li>Coffre-fort<\/li>\n<li>S\u00e8che-cheveux<\/li>\n<li>Fer et planche \u00e0 repasser<\/li>\n<li>Four \u00e0 micro-ondes<\/li>\n<\/ul>\n<\/div><\/div><\/div><div style=\"--awb-backgroundcolor:#ffffff;--awb-iconcolor:#000000;\" class=\"fusion-column content-box-column content-box-column content-box-column-2 col-lg-12 col-md-12 col-sm-12 fusion-content-box-hover content-box-column-last content-box-column-last-in-row\"><div class=\"col content-box-wrapper content-wrapper-background link-area-box icon-hover-animation-pulsate fusion-animated\" data-animationType=\"fadeIn\" data-animationDuration=\"0.25\" data-animationOffset=\"top-into-view\"><div class=\"heading icon-left\"><h4 class=\"content-box-heading fusion-responsive-typography-calculated\" style=\"--h4_typography-font-size:24px;--fontSize:24;line-height:1.67;\">Les Studios et Appartements ont aussi: <\/h4><\/div><div class=\"fusion-clearfix\"><\/div><div class=\"content-container\">\n<p>\u2022 Plaques de cuisson ou cuisini\u00e8re<br \/>\u2022 Ustensiles de cuisine<\/p>\n<\/div><\/div><\/div><div class=\"fusion-clearfix\"><\/div><\/div><div class=\"fusion-clearfix\"><\/div><\/div><\/div><div class=\"fusion-layout-column fusion_builder_column fusion-builder-column-3 fusion_builder_column_1_3 1_3 fusion-one-third\" style=\"--awb-bg-size:cover;width:33.333333333333%;width:calc(33.333333333333% - ( ( 4% + 4% ) * 0.33333333333333 ) );margin-right: 4%;\"><div class=\"fusion-column-wrapper fusion-flex-column-wrapper-legacy\"><div class=\"fusion-content-boxes content-boxes columns row fusion-columns-1 fusion-columns-total-4 fusion-content-boxes-2 content-boxes-timeline-vertical content-left content-boxes-timeline-layout content-boxes-icon-with-title fusion-delayed-animation\" style=\"--awb-iconcolor:#000000;--awb-margin-top:0px;--awb-margin-bottom:0px;--awb-hover-accent-color:#cbaa5c;--awb-circle-hover-accent-color:#cbaa5c;--awb-item-margin-bottom:40px;\" data-animation-delay=\"350\" data-animationOffset=\"top-into-view\"><div style=\"--awb-backgroundcolor:#ffffff;--awb-iconcolor:#000000;\" class=\"fusion-column content-box-column content-box-column content-box-column-1 col-lg-12 col-md-12 col-sm-12 fusion-content-box-hover content-box-column-last-in-row\"><div class=\"col content-box-wrapper content-wrapper-background link-area-box icon-hover-animation-pulsate fusion-animated\" data-animationType=\"fadeIn\" data-animationDuration=\"0.25\" data-animationOffset=\"top-into-view\"><div class=\"heading icon-left\"><h4 class=\"content-box-heading fusion-responsive-typography-calculated\" style=\"--h4_typography-font-size:24px;--fontSize:24;line-height:1.67;\">M\u00e9nage, draps et serviettes<\/h4><\/div><div class=\"fusion-clearfix\"><\/div><div class=\"content-container\">\n<p><strong>Le m\u00e9nage est effectu\u00e9 tous les jours.<\/strong> Les serviettes sont chang\u00e9es tous les deux jours et les draps tous les trois jours.<\/p>\n<\/div><\/div><\/div><div style=\"--awb-backgroundcolor:#ffffff;--awb-iconcolor:#000000;\" class=\"fusion-column content-box-column content-box-column content-box-column-2 col-lg-12 col-md-12 col-sm-12 fusion-content-box-hover content-box-column-last-in-row\"><div class=\"col content-box-wrapper content-wrapper-background link-area-box icon-hover-animation-pulsate fusion-animated\" data-animationType=\"fadeIn\" data-animationDuration=\"0.25\" data-animationOffset=\"top-into-view\"><div class=\"heading icon-left\"><h4 class=\"content-box-heading fusion-responsive-typography-calculated\" style=\"--h4_typography-font-size:24px;--fontSize:24;line-height:1.67;\">Linge<\/h4><\/div><div class=\"fusion-clearfix\"><\/div><div class=\"content-container\">\n<p>Une machine \u00e0 laver est \u00e0 votre disposition gratuitement. Les d\u00e9tergents sont fournis gratuitement par la direction.<\/p>\n<\/div><\/div><\/div><div style=\"--awb-backgroundcolor:#ffffff;--awb-iconcolor:#000000;\" class=\"fusion-column content-box-column content-box-column content-box-column-3 col-lg-12 col-md-12 col-sm-12 fusion-content-box-hover content-box-column-last-in-row\"><div class=\"col content-box-wrapper content-wrapper-background link-area-box icon-hover-animation-pulsate fusion-animated\" data-animationType=\"fadeIn\" data-animationDuration=\"0.25\" data-animationOffset=\"top-into-view\"><div class=\"heading icon-left\"><h4 class=\"content-box-heading fusion-responsive-typography-calculated\" style=\"--h4_typography-font-size:24px;--fontSize:24;line-height:1.67;\">Barbecue <\/h4><\/div><div class=\"fusion-clearfix\"><\/div><div class=\"content-container\">\n<p>Barbecue \u00e0 votre disposition dans la cour pour pr\u00e9parer vos grillades.<\/p>\n<\/div><\/div><\/div><div style=\"--awb-backgroundcolor:#ffffff;--awb-iconcolor:#000000;\" class=\"fusion-column content-box-column content-box-column content-box-column-4 col-lg-12 col-md-12 col-sm-12 fusion-content-box-hover content-box-column-last content-box-column-last-in-row\"><div class=\"col content-box-wrapper content-wrapper-background link-area-box icon-hover-animation-pulsate fusion-animated\" data-animationType=\"fadeIn\" data-animationDuration=\"0.25\" data-animationOffset=\"top-into-view\"><div class=\"heading icon-left\"><h4 class=\"content-box-heading fusion-responsive-typography-calculated\" style=\"--h4_typography-font-size:24px;--fontSize:24;line-height:1.67;\">Repas <\/h4><\/div><div class=\"fusion-clearfix\"><\/div><div class=\"content-container\">\n<p>Nos h\u00f4tes peuvent commander des plats au restaurant Anna et les consommer dans leur chambre ou dans le jardin. Il est aussi possible de pr\u00e9parer sp\u00e9cialement des plats qui ne sont pas dans le menu. Les tarifs sont les m\u00eames qu&rsquo;au restaurant. Il est aussi possible de pr\u00e9parer sp\u00e9cialement des plats qui ne sont pas dans le menu. Les tarifs sont les m\u00eames qu&rsquo;au restaurant. Les tarifs sont les m\u00eames qu&rsquo;au restaurant.<\/p>\n<\/div><\/div><\/div><div class=\"fusion-clearfix\"><\/div><\/div><div class=\"fusion-clearfix\"><\/div><\/div><\/div><div class=\"fusion-layout-column fusion_builder_column fusion-builder-column-4 fusion_builder_column_1_3 1_3 fusion-one-third fusion-column-last\" style=\"--awb-bg-size:cover;width:33.333333333333%;width:calc(33.333333333333% - ( ( 4% + 4% ) * 0.33333333333333 ) );\"><div class=\"fusion-column-wrapper fusion-flex-column-wrapper-legacy\"><div class=\"fusion-content-boxes content-boxes columns row fusion-columns-1 fusion-columns-total-3 fusion-content-boxes-3 content-boxes-timeline-vertical content-left content-boxes-timeline-layout content-boxes-icon-with-title fusion-delayed-animation\" style=\"--awb-iconcolor:#000000;--awb-margin-top:0px;--awb-margin-bottom:0px;--awb-hover-accent-color:#cbaa5c;--awb-circle-hover-accent-color:#cbaa5c;--awb-item-margin-bottom:40px;\" data-animation-delay=\"350\" data-animationOffset=\"top-into-view\"><div style=\"--awb-backgroundcolor:#ffffff;--awb-iconcolor:#000000;\" class=\"fusion-column content-box-column content-box-column content-box-column-1 col-lg-12 col-md-12 col-sm-12 fusion-content-box-hover content-box-column-last-in-row\"><div class=\"col content-box-wrapper content-wrapper-background link-area-box icon-hover-animation-pulsate fusion-animated\" data-animationType=\"fadeIn\" data-animationDuration=\"0.25\" data-animationOffset=\"top-into-view\"><div class=\"heading icon-left\"><h4 class=\"content-box-heading fusion-responsive-typography-calculated\" style=\"--h4_typography-font-size:24px;--fontSize:24;line-height:1.67;\">Parking <\/h4><\/div><div class=\"fusion-clearfix\"><\/div><div class=\"content-container\">\n<p>Il est possible de se garer sans probl\u00e8me dans la petite rue devant les studios &amp; appartements Efi.<\/p>\n<\/div><\/div><\/div><div style=\"--awb-backgroundcolor:#ffffff;--awb-iconcolor:#000000;\" class=\"fusion-column content-box-column content-box-column content-box-column-2 col-lg-12 col-md-12 col-sm-12 fusion-content-box-hover content-box-column-last-in-row\"><div class=\"col content-box-wrapper content-wrapper-background link-area-box icon-hover-animation-pulsate fusion-animated\" data-animationType=\"fadeIn\" data-animationDuration=\"0.25\" data-animationOffset=\"top-into-view\"><div class=\"heading icon-left\"><h4 class=\"content-box-heading fusion-responsive-typography-calculated\" style=\"--h4_typography-font-size:24px;--fontSize:24;line-height:1.67;\">Terrain de jeux <\/h4><\/div><div class=\"fusion-clearfix\"><\/div><div class=\"content-container\">\n<p>Terrain de jeux pour les enfants situ\u00e9 directement en face des studios et appartements Efi.<\/p>\n<\/div><\/div><\/div><div style=\"--awb-backgroundcolor:#ffffff;--awb-iconcolor:#000000;\" class=\"fusion-column content-box-column content-box-column content-box-column-3 col-lg-12 col-md-12 col-sm-12 fusion-content-box-hover content-box-column-last content-box-column-last-in-row\"><div class=\"col content-box-wrapper content-wrapper-background link-area-box icon-hover-animation-pulsate fusion-animated\" data-animationType=\"fadeIn\" data-animationDuration=\"0.25\" data-animationOffset=\"top-into-view\"><div class=\"heading icon-left\"><h4 class=\"content-box-heading fusion-responsive-typography-calculated\" style=\"--h4_typography-font-size:24px;--fontSize:24;line-height:1.67;\">Internet<\/h4><\/div><div class=\"fusion-clearfix\"><\/div><div class=\"content-container\">\n<p>Il y a un acc\u00e8s internet gratuit par Wi-fi dans tous les logements et dans le jardin.<\/p>\n<\/div><\/div><\/div><div class=\"fusion-clearfix\"><\/div><\/div><div class=\"fusion-clearfix\"><\/div><\/div><\/div><\/div><\/div>\n","protected":false},"excerpt":{"rendered":"","protected":false},"author":1,"featured_media":1905,"parent":0,"menu_order":0,"comment_status":"closed","ping_status":"closed","template":"","meta":{"footnotes":""},"class_list":["post-2569","page","type-page","status-publish","has-post-thumbnail","hentry"],"yoast_head":"<!-- This site is optimized with the Yoast SEO plugin v27.5 - https:\/\/yoast.com\/product\/yoast-seo-wordpress\/ -->\n<title>\u00c9quipements - Efi Studios &amp; Appartements<\/title>\n<meta name=\"robots\" content=\"index, follow, max-snippet:-1, max-image-preview:large, max-video-preview:-1\" \/>\n<link rel=\"canonical\" href=\"https:\/\/www.efistudios.gr\/fr\/equipements\/\" \/>\n<meta property=\"og:locale\" content=\"fr_FR\" \/>\n<meta property=\"og:type\" content=\"article\" \/>\n<meta property=\"og:title\" content=\"\u00c9quipements - Efi Studios &amp; Appartements\" \/>\n<meta property=\"og:url\" content=\"https:\/\/www.efistudios.gr\/fr\/equipements\/\" \/>\n<meta property=\"og:site_name\" content=\"Efi Studios &amp; Appartements\" \/>\n<meta property=\"article:publisher\" content=\"https:\/\/www.facebook.com\/EfiDriosParos\/\" \/>\n<meta property=\"article:modified_time\" content=\"2020-05-22T14:37:29+00:00\" \/>\n<meta property=\"og:image\" content=\"https:\/\/www.efistudios.gr\/wp-content\/uploads\/2019\/02\/DSC_5963.jpg\" \/>\n\t<meta property=\"og:image:width\" content=\"1900\" \/>\n\t<meta property=\"og:image:height\" content=\"1267\" \/>\n\t<meta property=\"og:image:type\" content=\"image\/jpeg\" \/>\n<meta name=\"twitter:card\" content=\"summary_large_image\" \/>\n<meta name=\"twitter:label1\" content=\"Dur\u00e9e de lecture estim\u00e9e\" \/>\n\t<meta name=\"twitter:data1\" content=\"7 minutes\" \/>\n<script type=\"application\/ld+json\" class=\"yoast-schema-graph\">{\"@context\":\"https:\\\/\\\/schema.org\",\"@graph\":[{\"@type\":\"WebPage\",\"@id\":\"https:\\\/\\\/www.efistudios.gr\\\/fr\\\/equipements\\\/\",\"url\":\"https:\\\/\\\/www.efistudios.gr\\\/fr\\\/equipements\\\/\",\"name\":\"\u00c9quipements - Efi Studios &amp; Appartements\",\"isPartOf\":{\"@id\":\"https:\\\/\\\/www.efistudios.gr\\\/fr\\\/#website\"},\"primaryImageOfPage\":{\"@id\":\"https:\\\/\\\/www.efistudios.gr\\\/fr\\\/equipements\\\/#primaryimage\"},\"image\":{\"@id\":\"https:\\\/\\\/www.efistudios.gr\\\/fr\\\/equipements\\\/#primaryimage\"},\"thumbnailUrl\":\"https:\\\/\\\/www.efistudios.gr\\\/wp-content\\\/uploads\\\/2019\\\/02\\\/DSC_5963.jpg\",\"datePublished\":\"2019-01-06T10:11:12+00:00\",\"dateModified\":\"2020-05-22T14:37:29+00:00\",\"breadcrumb\":{\"@id\":\"https:\\\/\\\/www.efistudios.gr\\\/fr\\\/equipements\\\/#breadcrumb\"},\"inLanguage\":\"fr-FR\",\"potentialAction\":[{\"@type\":\"ReadAction\",\"target\":[\"https:\\\/\\\/www.efistudios.gr\\\/fr\\\/equipements\\\/\"]}]},{\"@type\":\"ImageObject\",\"inLanguage\":\"fr-FR\",\"@id\":\"https:\\\/\\\/www.efistudios.gr\\\/fr\\\/equipements\\\/#primaryimage\",\"url\":\"https:\\\/\\\/www.efistudios.gr\\\/wp-content\\\/uploads\\\/2019\\\/02\\\/DSC_5963.jpg\",\"contentUrl\":\"https:\\\/\\\/www.efistudios.gr\\\/wp-content\\\/uploads\\\/2019\\\/02\\\/DSC_5963.jpg\",\"width\":1900,\"height\":1267,\"caption\":\"Efi's Studios Drios Paros\"},{\"@type\":\"BreadcrumbList\",\"@id\":\"https:\\\/\\\/www.efistudios.gr\\\/fr\\\/equipements\\\/#breadcrumb\",\"itemListElement\":[{\"@type\":\"ListItem\",\"position\":1,\"name\":\"Home\",\"item\":\"https:\\\/\\\/www.efistudios.gr\\\/fr\\\/\"},{\"@type\":\"ListItem\",\"position\":2,\"name\":\"\u00c9quipements\"}]},{\"@type\":\"WebSite\",\"@id\":\"https:\\\/\\\/www.efistudios.gr\\\/fr\\\/#website\",\"url\":\"https:\\\/\\\/www.efistudios.gr\\\/fr\\\/\",\"name\":\"Efi Studios &amp; Appartements\",\"description\":\"H\u00e9bergement sur l\u2019\u00cele de Paros\",\"publisher\":{\"@id\":\"https:\\\/\\\/www.efistudios.gr\\\/fr\\\/#organization\"},\"potentialAction\":[{\"@type\":\"SearchAction\",\"target\":{\"@type\":\"EntryPoint\",\"urlTemplate\":\"https:\\\/\\\/www.efistudios.gr\\\/fr\\\/?s={search_term_string}\"},\"query-input\":{\"@type\":\"PropertyValueSpecification\",\"valueRequired\":true,\"valueName\":\"search_term_string\"}}],\"inLanguage\":\"fr-FR\"},{\"@type\":\"Organization\",\"@id\":\"https:\\\/\\\/www.efistudios.gr\\\/fr\\\/#organization\",\"name\":\"Efi Studios & Apartments\",\"url\":\"https:\\\/\\\/www.efistudios.gr\\\/fr\\\/\",\"logo\":{\"@type\":\"ImageObject\",\"inLanguage\":\"fr-FR\",\"@id\":\"https:\\\/\\\/www.efistudios.gr\\\/fr\\\/#\\\/schema\\\/logo\\\/image\\\/\",\"url\":\"https:\\\/\\\/www.efistudios.gr\\\/wp-content\\\/uploads\\\/2019\\\/01\\\/efi-studios-logo.jpg\",\"contentUrl\":\"https:\\\/\\\/www.efistudios.gr\\\/wp-content\\\/uploads\\\/2019\\\/01\\\/efi-studios-logo.jpg\",\"width\":176,\"height\":76,\"caption\":\"Efi Studios & Apartments\"},\"image\":{\"@id\":\"https:\\\/\\\/www.efistudios.gr\\\/fr\\\/#\\\/schema\\\/logo\\\/image\\\/\"},\"sameAs\":[\"https:\\\/\\\/www.facebook.com\\\/EfiDriosParos\\\/\"]}]}<\/script>\n<!-- \/ Yoast SEO plugin. -->","yoast_head_json":{"title":"\u00c9quipements - Efi Studios &amp; Appartements","robots":{"index":"index","follow":"follow","max-snippet":"max-snippet:-1","max-image-preview":"max-image-preview:large","max-video-preview":"max-video-preview:-1"},"canonical":"https:\/\/www.efistudios.gr\/fr\/equipements\/","og_locale":"fr_FR","og_type":"article","og_title":"\u00c9quipements - Efi Studios &amp; Appartements","og_url":"https:\/\/www.efistudios.gr\/fr\/equipements\/","og_site_name":"Efi Studios &amp; Appartements","article_publisher":"https:\/\/www.facebook.com\/EfiDriosParos\/","article_modified_time":"2020-05-22T14:37:29+00:00","og_image":[{"width":1900,"height":1267,"url":"https:\/\/www.efistudios.gr\/wp-content\/uploads\/2019\/02\/DSC_5963.jpg","type":"image\/jpeg"}],"twitter_card":"summary_large_image","twitter_misc":{"Dur\u00e9e de lecture estim\u00e9e":"7 minutes"},"schema":{"@context":"https:\/\/schema.org","@graph":[{"@type":"WebPage","@id":"https:\/\/www.efistudios.gr\/fr\/equipements\/","url":"https:\/\/www.efistudios.gr\/fr\/equipements\/","name":"\u00c9quipements - Efi Studios &amp; Appartements","isPartOf":{"@id":"https:\/\/www.efistudios.gr\/fr\/#website"},"primaryImageOfPage":{"@id":"https:\/\/www.efistudios.gr\/fr\/equipements\/#primaryimage"},"image":{"@id":"https:\/\/www.efistudios.gr\/fr\/equipements\/#primaryimage"},"thumbnailUrl":"https:\/\/www.efistudios.gr\/wp-content\/uploads\/2019\/02\/DSC_5963.jpg","datePublished":"2019-01-06T10:11:12+00:00","dateModified":"2020-05-22T14:37:29+00:00","breadcrumb":{"@id":"https:\/\/www.efistudios.gr\/fr\/equipements\/#breadcrumb"},"inLanguage":"fr-FR","potentialAction":[{"@type":"ReadAction","target":["https:\/\/www.efistudios.gr\/fr\/equipements\/"]}]},{"@type":"ImageObject","inLanguage":"fr-FR","@id":"https:\/\/www.efistudios.gr\/fr\/equipements\/#primaryimage","url":"https:\/\/www.efistudios.gr\/wp-content\/uploads\/2019\/02\/DSC_5963.jpg","contentUrl":"https:\/\/www.efistudios.gr\/wp-content\/uploads\/2019\/02\/DSC_5963.jpg","width":1900,"height":1267,"caption":"Efi's Studios Drios Paros"},{"@type":"BreadcrumbList","@id":"https:\/\/www.efistudios.gr\/fr\/equipements\/#breadcrumb","itemListElement":[{"@type":"ListItem","position":1,"name":"Home","item":"https:\/\/www.efistudios.gr\/fr\/"},{"@type":"ListItem","position":2,"name":"\u00c9quipements"}]},{"@type":"WebSite","@id":"https:\/\/www.efistudios.gr\/fr\/#website","url":"https:\/\/www.efistudios.gr\/fr\/","name":"Efi Studios &amp; Appartements","description":"H\u00e9bergement sur l\u2019\u00cele de Paros","publisher":{"@id":"https:\/\/www.efistudios.gr\/fr\/#organization"},"potentialAction":[{"@type":"SearchAction","target":{"@type":"EntryPoint","urlTemplate":"https:\/\/www.efistudios.gr\/fr\/?s={search_term_string}"},"query-input":{"@type":"PropertyValueSpecification","valueRequired":true,"valueName":"search_term_string"}}],"inLanguage":"fr-FR"},{"@type":"Organization","@id":"https:\/\/www.efistudios.gr\/fr\/#organization","name":"Efi Studios & Apartments","url":"https:\/\/www.efistudios.gr\/fr\/","logo":{"@type":"ImageObject","inLanguage":"fr-FR","@id":"https:\/\/www.efistudios.gr\/fr\/#\/schema\/logo\/image\/","url":"https:\/\/www.efistudios.gr\/wp-content\/uploads\/2019\/01\/efi-studios-logo.jpg","contentUrl":"https:\/\/www.efistudios.gr\/wp-content\/uploads\/2019\/01\/efi-studios-logo.jpg","width":176,"height":76,"caption":"Efi Studios & Apartments"},"image":{"@id":"https:\/\/www.efistudios.gr\/fr\/#\/schema\/logo\/image\/"},"sameAs":["https:\/\/www.facebook.com\/EfiDriosParos\/"]}]}},"_links":{"self":[{"href":"https:\/\/www.efistudios.gr\/fr\/wp-json\/wp\/v2\/pages\/2569","targetHints":{"allow":["GET"]}}],"collection":[{"href":"https:\/\/www.efistudios.gr\/fr\/wp-json\/wp\/v2\/pages"}],"about":[{"href":"https:\/\/www.efistudios.gr\/fr\/wp-json\/wp\/v2\/types\/page"}],"author":[{"embeddable":true,"href":"https:\/\/www.efistudios.gr\/fr\/wp-json\/wp\/v2\/users\/1"}],"replies":[{"embeddable":true,"href":"https:\/\/www.efistudios.gr\/fr\/wp-json\/wp\/v2\/comments?post=2569"}],"version-history":[{"count":29,"href":"https:\/\/www.efistudios.gr\/fr\/wp-json\/wp\/v2\/pages\/2569\/revisions"}],"predecessor-version":[{"id":4461,"href":"https:\/\/www.efistudios.gr\/fr\/wp-json\/wp\/v2\/pages\/2569\/revisions\/4461"}],"wp:featuredmedia":[{"embeddable":true,"href":"https:\/\/www.efistudios.gr\/fr\/wp-json\/wp\/v2\/media\/1905"}],"wp:attachment":[{"href":"https:\/\/www.efistudios.gr\/fr\/wp-json\/wp\/v2\/media?parent=2569"}],"curies":[{"name":"wp","href":"https:\/\/api.w.org\/{rel}","templated":true}]}}