{"id":2575,"date":"2019-01-03T20:17:08","date_gmt":"2019-01-03T18:17:08","guid":{"rendered":"http:\/\/dev.efistudios.gr\/contact\/"},"modified":"2026-04-14T19:18:15","modified_gmt":"2026-04-14T16:18:15","slug":"contact","status":"publish","type":"page","link":"https:\/\/www.efistudios.gr\/fr\/contact\/","title":{"rendered":"Contacter"},"content":{"rendered":"<p><div class=\"fusion-fullwidth fullwidth-box fusion-builder-row-1 nonhundred-percent-fullwidth non-hundred-percent-height-scrolling\" style=\"--awb-background-position:left top;--awb-border-sizes-top:0px;--awb-border-sizes-bottom:0px;--awb-border-sizes-left:0px;--awb-border-sizes-right:0px;--awb-border-radius-top-left:0px;--awb-border-radius-top-right:0px;--awb-border-radius-bottom-right:0px;--awb-border-radius-bottom-left:0px;--awb-padding-top:0px;--awb-padding-bottom:75px;--awb-flex-wrap:wrap;\" ><div class=\"fusion-builder-row fusion-row\"><div class=\"fusion-layout-column fusion_builder_column fusion-builder-column-0 fusion_builder_column_1_2 1_2 fusion-one-half fusion-column-first\" style=\"--awb-bg-size:cover;width:48%; margin-right: 4%;\"><div class=\"fusion-column-wrapper fusion-flex-column-wrapper-legacy\"><div class=\"fusion-text fusion-text-1\"><p style=\"letter-spacing: 4px; font-size: 13px; margin-bottom: 0px; text-align: left;\">CONTACTEZ-NOUS D\u00c8S AUJOURD&rsquo;HUI<\/p>\n<h1 style=\"text-align: left;\">R\u00e9servez vos prochaines vacances !<\/h1>\n<\/div><div class=\"fusion-sep-clear\"><\/div><div class=\"fusion-separator fusion-clearfix\" style=\"float:left;margin-top:0px;margin-bottom:20px;width:100%;max-width:50px;\"><div class=\"fusion-separator-border sep-single sep-solid\" style=\"--awb-height:20px;--awb-amount:20px;--awb-sep-color:#cbaa5c;border-color:#cbaa5c;border-top-width:1px;\"><\/div><\/div><div class=\"fusion-sep-clear\"><\/div><div class=\"fusion-text fusion-text-2\"><p style=\"text-align: left;\">Profitez de vos vacances \u00e0 Paros et dans les \u00eeles grecques, dans le charmant village de Drios, au bord de la mer !<br \/>\nEfi <strong>et Anna Vlachoyanni<\/strong> dirigent <strong>Efi Studios &amp; Apartments<\/strong> et seront vos h\u00f4tes pendant vos vacances \u00e0 Paros, en Gr\u00e8ce. Vous pouvez consid\u00e9rer Efi et Anna comme vos amies \u00e0 Paros ! <\/p>\n<\/div><div class=\"fusion-sep-clear\"><\/div><div class=\"fusion-separator fusion-full-width-sep\" style=\"margin-left: auto;margin-right: auto;margin-top:12px;width:100%;\"><\/div><div class=\"fusion-sep-clear\"><\/div><div class=\"fusion-alignleft\"><a class=\"fusion-button button-flat fusion-button-default-size button-default fusion-button-default button-1 fusion-button-default-span \" style=\"--button-border-radius-top-left:0px;--button-border-radius-top-right:0px;--button-border-radius-bottom-right:0px;--button-border-radius-bottom-left:0px;\" target=\"_self\" href=\"https:\/\/reservations.bookoncloud.com\/welcome\/efi-studios-and-apartments-paros?lang=en&amp;channelId=website#\/availability\"><span class=\"fusion-button-text awb-button__text awb-button__text--default fusion-button-text-right\">R\u00c9SERVEZ EN LIGNE<\/span><span class=\"fusion-button-icon-divider button-icon-divider-right\"><i class=\"fa-angle-right fas awb-button__icon awb-button__icon--default\" aria-hidden=\"true\"><\/i><\/span><\/a><\/div><div class=\"fusion-clearfix\"><\/div><\/div><\/div><div class=\"fusion-layout-column fusion_builder_column fusion-builder-column-1 fusion_builder_column_1_2 1_2 fusion-one-half fusion-column-last\" style=\"--awb-padding-top:40px;--awb-padding-right:40px;--awb-padding-bottom:40px;--awb-padding-left:40px;--awb-bg-color:#ffffff;--awb-bg-color-hover:#ffffff;--awb-bg-size:cover;--awb-border-color:#ebeef1;--awb-border-top:1px;--awb-border-right:1px;--awb-border-bottom:1px;--awb-border-left:1px;--awb-border-style:solid;width:48%;\"><div class=\"fusion-column-wrapper fusion-flex-column-wrapper-legacy\"><div class=\"fusion-image-element in-legacy-container\" style=\"--awb-liftup-border-radius:0px;--awb-caption-title-font-family:var(--h2_typography-font-family);--awb-caption-title-font-weight:var(--h2_typography-font-weight);--awb-caption-title-font-style:var(--h2_typography-font-style);--awb-caption-title-size:var(--h2_typography-font-size);--awb-caption-title-transform:var(--h2_typography-text-transform);--awb-caption-title-line-height:var(--h2_typography-line-height);--awb-caption-title-letter-spacing:var(--h2_typography-letter-spacing);\"><div class=\"awb-image-frame awb-image-frame-1 imageframe-liftup\"><span class=\" fusion-imageframe imageframe-dropshadow imageframe-1\" style=\"border:13px solid #ffffff;-webkit-box-shadow: 3px 3px 7px rgba(0,0,0,0.3);box-shadow: 3px 3px 7px rgba(0,0,0,0.3);\"><a href=\"https:\/\/www.efistudios.gr\/wp-content\/uploads\/2019\/02\/EfiStudios-Drios-Paros-2-600x400.jpg\" class=\"fusion-lightbox\" data-rel=\"iLightbox[018fb399a1b3292a6fc]\" data-title=\"EfiStudios-Drios-Paros (2)\" title=\"EfiStudios-Drios-Paros (2)\"><img decoding=\"async\" width=\"600\" height=\"400\" src=\"https:\/\/www.efistudios.gr\/wp-content\/uploads\/2019\/02\/EfiStudios-Drios-Paros-2-600x400.jpg\" alt class=\"img-responsive wp-image-1955\" srcset=\"https:\/\/www.efistudios.gr\/wp-content\/uploads\/2019\/02\/EfiStudios-Drios-Paros-2-200x133.jpg 200w, https:\/\/www.efistudios.gr\/wp-content\/uploads\/2019\/02\/EfiStudios-Drios-Paros-2-400x267.jpg 400w, https:\/\/www.efistudios.gr\/wp-content\/uploads\/2019\/02\/EfiStudios-Drios-Paros-2-600x400.jpg 600w, https:\/\/www.efistudios.gr\/wp-content\/uploads\/2019\/02\/EfiStudios-Drios-Paros-2-800x533.jpg 800w, https:\/\/www.efistudios.gr\/wp-content\/uploads\/2019\/02\/EfiStudios-Drios-Paros-2-1200x800.jpg 1200w, https:\/\/www.efistudios.gr\/wp-content\/uploads\/2019\/02\/EfiStudios-Drios-Paros-2.jpg 1900w\" sizes=\"(max-width: 1105px) 100vw, 600px\" \/><\/a><\/span><\/div><\/div><div class=\"fusion-sep-clear\"><\/div><div class=\"fusion-separator fusion-full-width-sep\" style=\"margin-left: auto;margin-right: auto;width:100%;\"><div class=\"fusion-separator-border sep-double\" style=\"--awb-height:20px;--awb-amount:20px;border-color:#e0dede;border-top-width:1px;border-bottom-width:1px;\"><\/div><\/div><div class=\"fusion-sep-clear\"><\/div><div class=\"fusion-clearfix\"><\/div><\/div><\/div><\/div><\/div><div class=\"fusion-fullwidth fullwidth-box fusion-builder-row-2 nonhundred-percent-fullwidth non-hundred-percent-height-scrolling\" style=\"--awb-border-radius-top-left:0px;--awb-border-radius-top-right:0px;--awb-border-radius-bottom-right:0px;--awb-border-radius-bottom-left:0px;--awb-padding-top:0px;--awb-padding-right:0px;--awb-padding-bottom:0px;--awb-padding-left:0px;--awb-flex-wrap:wrap;\" ><div class=\"fusion-builder-row fusion-row\"><div class=\"fusion-layout-column fusion_builder_column fusion-builder-column-2 fusion_builder_column_1_1 1_1 fusion-one-full fusion-column-first fusion-column-last\" style=\"--awb-bg-size:cover;\"><div class=\"fusion-column-wrapper fusion-column-has-shadow fusion-flex-column-wrapper-legacy\"><div class=\"fusion-title title fusion-title-1 fusion-title-text fusion-title-size-three\"><h3 class=\"fusion-title-heading title-heading-left fusion-responsive-typography-calculated\" style=\"margin:0;--fontSize:24;line-height:1.67;\">Ou, soumettez le formulaire ci-dessous pour une demande de logement.<\/h3><span class=\"awb-title-spacer\"><\/span><div class=\"title-sep-container\"><div class=\"title-sep sep- sep-solid\" style=\"border-color:#e0dede;\"><\/div><\/div><\/div><div class=\"fusion-clearfix\"><\/div><\/div><\/div><\/div><\/div><div class=\"fusion-fullwidth fullwidth-box fusion-builder-row-3 nonhundred-percent-fullwidth non-hundred-percent-height-scrolling\" style=\"--awb-background-position:left top;--awb-border-sizes-top:0px;--awb-border-sizes-bottom:0px;--awb-border-sizes-left:0px;--awb-border-sizes-right:0px;--awb-border-radius-top-left:0px;--awb-border-radius-top-right:0px;--awb-border-radius-bottom-right:0px;--awb-border-radius-bottom-left:0px;--awb-padding-top:0px;--awb-padding-bottom:55px;--awb-background-color:#f4f6f8;--awb-flex-wrap:wrap;\" ><div class=\"fusion-builder-row fusion-row\"><div class=\"fusion-layout-column fusion_builder_column fusion-builder-column-3 fusion_builder_column_1_1 1_1 fusion-one-full fusion-column-first fusion-column-last fusion-column-no-min-height\" style=\"--awb-bg-size:cover;--awb-margin-bottom:0px;\"><div class=\"fusion-column-wrapper fusion-flex-column-wrapper-legacy\"><div class=\"fusion-image-element fusion-image-align-center in-legacy-container\" style=\"text-align:center;--awb-caption-title-font-family:var(--h2_typography-font-family);--awb-caption-title-font-weight:var(--h2_typography-font-weight);--awb-caption-title-font-style:var(--h2_typography-font-style);--awb-caption-title-size:var(--h2_typography-font-size);--awb-caption-title-transform:var(--h2_typography-text-transform);--awb-caption-title-line-height:var(--h2_typography-line-height);--awb-caption-title-letter-spacing:var(--h2_typography-letter-spacing);\"><div class=\"imageframe-align-center\"><span class=\" fusion-imageframe imageframe-none imageframe-2 hover-type-none\"><img decoding=\"async\" width=\"370\" height=\"82\" title=\"flowers_top\" src=\"https:\/\/www.efistudios.gr\/wp-content\/uploads\/2020\/05\/flowers_top.png\" alt class=\"img-responsive wp-image-4261\" srcset=\"https:\/\/www.efistudios.gr\/wp-content\/uploads\/2020\/05\/flowers_top-200x44.png 200w, https:\/\/www.efistudios.gr\/wp-content\/uploads\/2020\/05\/flowers_top.png 370w\" sizes=\"(max-width: 1105px) 100vw, 370px\" \/><\/span><\/div><\/div><div class=\"fusion-sep-clear\"><\/div><div class=\"fusion-separator fusion-full-width-sep\" style=\"margin-left: auto;margin-right: auto;margin-top:30px;margin-bottom:30px;width:100%;\"><\/div><div class=\"fusion-sep-clear\"><\/div><div class=\"fusion-clearfix\"><\/div><\/div><\/div><div class=\"fusion-layout-column fusion_builder_column fusion-builder-column-4 fusion_builder_column_1_1 1_1 fusion-one-full fusion-column-first fusion-column-last fusion-column-no-min-height\" style=\"--awb-bg-size:cover;--awb-margin-bottom:0px;\"><div class=\"fusion-column-wrapper fusion-flex-column-wrapper-legacy\">\n<div class=\"wpcf7 no-js\" id=\"wpcf7-f2879-o1\" lang=\"fr-FR\" dir=\"ltr\" data-wpcf7-id=\"2879\">\n<div class=\"screen-reader-response\"><p role=\"status\" aria-live=\"polite\" aria-atomic=\"true\"><\/p> <ul><\/ul><\/div>\n<form action=\"\/fr\/wp-json\/wp\/v2\/pages\/2575#wpcf7-f2879-o1\" method=\"post\" class=\"wpcf7-form init\" aria-label=\"Formulaire de contact\" novalidate=\"novalidate\" data-status=\"init\">\n<fieldset class=\"hidden-fields-container\"><input type=\"hidden\" name=\"_wpcf7\" value=\"2879\" \/><input type=\"hidden\" name=\"_wpcf7_version\" value=\"6.1.5\" \/><input type=\"hidden\" name=\"_wpcf7_locale\" value=\"fr_FR\" \/><input type=\"hidden\" name=\"_wpcf7_unit_tag\" value=\"wpcf7-f2879-o1\" \/><input type=\"hidden\" name=\"_wpcf7_container_post\" value=\"0\" \/><input type=\"hidden\" name=\"_wpcf7_posted_data_hash\" value=\"\" \/>\n<\/fieldset>\n<div class=\"wpcf7-turnstile cf-turnstile\" data-sitekey=\"0x4AAAAAACK1M1aCuD9eNaS-\" data-response-field-name=\"_wpcf7_turnstile_response\"><\/div>\n\n<div class=\"fusion-one-third fusion-layout-column fusion-spacing-yes\">\n\t<p><label> Votre nom <span class=\"wpcf7-form-control-wrap\" data-name=\"your-name\"><input size=\"40\" maxlength=\"400\" class=\"wpcf7-form-control wpcf7-text wpcf7-validates-as-required\" aria-required=\"true\" aria-invalid=\"false\" value=\"\" type=\"text\" name=\"your-name\" \/><\/span> <\/label>\n\t<\/p>\n<\/div>\n<div class=\"fusion-one-third fusion-layout-column fusion-spacing-yes\">\n\t<p><label> Email <span class=\"wpcf7-form-control-wrap\" data-name=\"your-email\"><input size=\"40\" maxlength=\"400\" class=\"wpcf7-form-control wpcf7-email wpcf7-validates-as-required wpcf7-text wpcf7-validates-as-email\" aria-required=\"true\" aria-invalid=\"false\" value=\"\" type=\"email\" name=\"your-email\" \/><\/span><\/label>\n\t<\/p>\n<\/div>\n<div class=\"fusion-one-third fusion-layout-column fusion-column-last fusion-spacing-yes\">\n\t<p><label>Sujet<span class=\"wpcf7-form-control-wrap\" data-name=\"your-name\"><input size=\"40\" maxlength=\"400\" class=\"wpcf7-form-control wpcf7-text wpcf7-validates-as-required\" aria-required=\"true\" aria-invalid=\"false\" value=\"\" type=\"text\" name=\"your-name\" \/><\/span><\/label>\n\t<\/p>\n<\/div>\n<div class=\"fusion-one-fourth fusion-layout-column fusion-spacing-yes\">\n\t<p><label><span class=\"wpcf7-form-control-wrap\" data-name=\"number-days\"><input class=\"wpcf7-form-control wpcf7-number wpcf7-validates-as-number\" min=\"5\" max=\"21\" step=\"1\" aria-invalid=\"false\" value=\"Nombre de jours de s\u00e9jour\" type=\"number\" name=\"number-days\" \/><\/span><\/label>\n\t<\/p>\n<\/div>\n<div class=\"fusion-one-fourth fusion-layout-column fusion-spacing-yes\">\n\t<p><label><span class=\"wpcf7-form-control-wrap\" data-name=\"number-people\"><input class=\"wpcf7-form-control wpcf7-number wpcf7-validates-as-number\" min=\"1\" max=\"10\" step=\"1\" aria-invalid=\"false\" value=\"Nombre de personnes s\u00e9journant\" type=\"number\" name=\"number-people\" \/><\/span><\/label>\n\t<\/p>\n<\/div>\n<div class=\"fusion-one-fourth fusion-layout-column fusion-spacing-yes\">\n\t<p><label><span class=\"wpcf7-form-control-wrap\" data-name=\"date-arrival\"><input class=\"wpcf7-form-control wpcf7-date wpcf7-validates-as-date\" aria-invalid=\"false\" placeholder=\"Date d&#039;arriv\u00e9e\" value=\"\" type=\"date\" name=\"date-arrival\" \/><\/span><\/label>\n\t<\/p>\n<\/div>\n<div class=\"fusion-one-fourth fusion-layout-column fusion-column-last fusion-spacing-yes\">\n\t<p><label>Date de d\u00e9part <span class=\"wpcf7-form-control-wrap\" data-name=\"date-departure\"><input class=\"wpcf7-form-control wpcf7-date wpcf7-validates-as-date\" aria-invalid=\"false\" placeholder=\"2015-06-06\" value=\"\" type=\"date\" name=\"date-departure\" \/><\/span><\/label>\n\t<\/p>\n<\/div>\n<p><label>Your Message <span class=\"wpcf7-form-control-wrap\" data-name=\"your-message\"><textarea cols=\"40\" rows=\"10\" maxlength=\"2000\" class=\"wpcf7-form-control wpcf7-textarea\" aria-invalid=\"false\" name=\"your-message\"><\/textarea><\/span><\/label><input class=\"wpcf7-form-control wpcf7-submit has-spinner\" type=\"submit\" value=\"Envoyer\" \/>\n<\/p><p style=\"display: none !important;\" class=\"akismet-fields-container\" data-prefix=\"_wpcf7_ak_\"><label>&#916;<textarea name=\"_wpcf7_ak_hp_textarea\" cols=\"45\" rows=\"8\" maxlength=\"100\"><\/textarea><\/label><input type=\"hidden\" id=\"ak_js_1\" name=\"_wpcf7_ak_js\" value=\"90\"\/><script>document.getElementById( \"ak_js_1\" ).setAttribute( \"value\", ( new Date() ).getTime() );<\/script><\/p><div class=\"fusion-alert alert custom alert-custom fusion-alert-center wpcf7-response-output fusion-alert-capitalize awb-alert-native-link-color alert-dismissable awb-alert-close-boxed\" style=\"--awb-border-top-left-radius:0px;--awb-border-top-right-radius:0px;--awb-border-bottom-left-radius:0px;--awb-border-bottom-right-radius:0px;\" role=\"alert\"><div class=\"fusion-alert-content-wrapper\"><span class=\"fusion-alert-content\"><\/span><\/div><button type=\"button\" class=\"close toggle-alert\" data-dismiss=\"alert\" aria-label=\"Close\">&times;<\/button><\/div>\n<\/form>\n<\/div>\n<div class=\"fusion-clearfix\"><\/div><\/div><\/div><\/div><\/div><div class=\"fusion-fullwidth fullwidth-box fusion-builder-row-4 hundred-percent-fullwidth non-hundred-percent-height-scrolling\" style=\"--awb-background-position:left top;--awb-border-sizes-top:0px;--awb-border-sizes-bottom:0px;--awb-border-sizes-left:0px;--awb-border-sizes-right:0px;--awb-border-radius-top-left:0px;--awb-border-radius-top-right:0px;--awb-border-radius-bottom-right:0px;--awb-border-radius-bottom-left:0px;--awb-padding-top:0px;--awb-padding-right:0px;--awb-padding-bottom:0px;--awb-padding-left:0px;--awb-flex-wrap:wrap;\" ><div class=\"fusion-builder-row fusion-row\"><div class=\"fusion-layout-column fusion_builder_column fusion-builder-column-5 fusion_builder_column_1_1 1_1 fusion-one-full fusion-column-first fusion-column-last fusion-column-no-min-height\" style=\"--awb-bg-size:cover;--awb-margin-bottom:0px;\"><div class=\"fusion-column-wrapper fusion-flex-column-wrapper-legacy\"><div class=\"shortcode-map fusion-google-map fusion-maps-embed-type\"><iframe width=\"100%\" height=\"600px\" frameborder=\"0\" style=\"border:0\" src=\"https:\/\/www.google.com\/maps\/embed\/v1\/place?key=AIzaSyDzP_JTHWqzfifPKi3kUGHVK9BcM8o8cvI&language=fr&q=37.005474,25.224674&maptype=roadmap&zoom=15\" allowfullscreen><\/iframe><\/div><div class=\"fusion-clearfix\"><\/div><\/div><\/div><\/div><\/div><\/p>\n","protected":false},"excerpt":{"rendered":"","protected":false},"author":1,"featured_media":3802,"parent":0,"menu_order":0,"comment_status":"open","ping_status":"closed","template":"100-width.php","meta":{"footnotes":""},"class_list":["post-2575","page","type-page","status-publish","has-post-thumbnail","hentry"],"yoast_head":"<!-- This site is optimized with the Yoast SEO plugin v27.4 - https:\/\/yoast.com\/product\/yoast-seo-wordpress\/ -->\n<title>Contacter - Efi Studios &amp; Appartements<\/title>\n<meta name=\"robots\" content=\"index, follow, max-snippet:-1, max-image-preview:large, max-video-preview:-1\" \/>\n<link rel=\"canonical\" href=\"https:\/\/www.efistudios.gr\/fr\/contact\/\" \/>\n<meta property=\"og:locale\" content=\"fr_FR\" \/>\n<meta property=\"og:type\" content=\"article\" \/>\n<meta property=\"og:title\" content=\"Contacter - Efi Studios &amp; Appartements\" \/>\n<meta property=\"og:url\" content=\"https:\/\/www.efistudios.gr\/fr\/contact\/\" \/>\n<meta property=\"og:site_name\" content=\"Efi Studios &amp; Appartements\" \/>\n<meta property=\"article:publisher\" content=\"https:\/\/www.facebook.com\/EfiDriosParos\/\" \/>\n<meta property=\"article:modified_time\" content=\"2026-04-14T16:18:15+00:00\" \/>\n<meta property=\"og:image\" content=\"https:\/\/www.efistudios.gr\/wp-content\/uploads\/2015\/02\/bottle_glass.jpg\" \/>\n\t<meta property=\"og:image:width\" content=\"1100\" \/>\n\t<meta property=\"og:image:height\" content=\"1363\" \/>\n\t<meta property=\"og:image:type\" content=\"image\/jpeg\" \/>\n<meta name=\"twitter:card\" content=\"summary_large_image\" \/>\n<meta name=\"twitter:label1\" content=\"Dur\u00e9e de lecture estim\u00e9e\" \/>\n\t<meta name=\"twitter:data1\" content=\"8 minutes\" \/>\n<script type=\"application\/ld+json\" class=\"yoast-schema-graph\">{\"@context\":\"https:\\\/\\\/schema.org\",\"@graph\":[{\"@type\":\"WebPage\",\"@id\":\"https:\\\/\\\/www.efistudios.gr\\\/fr\\\/contact\\\/\",\"url\":\"https:\\\/\\\/www.efistudios.gr\\\/fr\\\/contact\\\/\",\"name\":\"Contacter - Efi Studios &amp; Appartements\",\"isPartOf\":{\"@id\":\"https:\\\/\\\/www.efistudios.gr\\\/fr\\\/#website\"},\"primaryImageOfPage\":{\"@id\":\"https:\\\/\\\/www.efistudios.gr\\\/fr\\\/contact\\\/#primaryimage\"},\"image\":{\"@id\":\"https:\\\/\\\/www.efistudios.gr\\\/fr\\\/contact\\\/#primaryimage\"},\"thumbnailUrl\":\"https:\\\/\\\/www.efistudios.gr\\\/wp-content\\\/uploads\\\/2015\\\/02\\\/bottle_glass.jpg\",\"datePublished\":\"2019-01-03T18:17:08+00:00\",\"dateModified\":\"2026-04-14T16:18:15+00:00\",\"breadcrumb\":{\"@id\":\"https:\\\/\\\/www.efistudios.gr\\\/fr\\\/contact\\\/#breadcrumb\"},\"inLanguage\":\"fr-FR\",\"potentialAction\":[{\"@type\":\"ReadAction\",\"target\":[\"https:\\\/\\\/www.efistudios.gr\\\/fr\\\/contact\\\/\"]}]},{\"@type\":\"ImageObject\",\"inLanguage\":\"fr-FR\",\"@id\":\"https:\\\/\\\/www.efistudios.gr\\\/fr\\\/contact\\\/#primaryimage\",\"url\":\"https:\\\/\\\/www.efistudios.gr\\\/wp-content\\\/uploads\\\/2015\\\/02\\\/bottle_glass.jpg\",\"contentUrl\":\"https:\\\/\\\/www.efistudios.gr\\\/wp-content\\\/uploads\\\/2015\\\/02\\\/bottle_glass.jpg\",\"width\":1100,\"height\":1363},{\"@type\":\"BreadcrumbList\",\"@id\":\"https:\\\/\\\/www.efistudios.gr\\\/fr\\\/contact\\\/#breadcrumb\",\"itemListElement\":[{\"@type\":\"ListItem\",\"position\":1,\"name\":\"Home\",\"item\":\"https:\\\/\\\/www.efistudios.gr\\\/fr\\\/\"},{\"@type\":\"ListItem\",\"position\":2,\"name\":\"Contacter\"}]},{\"@type\":\"WebSite\",\"@id\":\"https:\\\/\\\/www.efistudios.gr\\\/fr\\\/#website\",\"url\":\"https:\\\/\\\/www.efistudios.gr\\\/fr\\\/\",\"name\":\"Efi Studios &amp; Appartements\",\"description\":\"H\u00e9bergement sur l\u2019\u00cele de Paros\",\"publisher\":{\"@id\":\"https:\\\/\\\/www.efistudios.gr\\\/fr\\\/#organization\"},\"potentialAction\":[{\"@type\":\"SearchAction\",\"target\":{\"@type\":\"EntryPoint\",\"urlTemplate\":\"https:\\\/\\\/www.efistudios.gr\\\/fr\\\/?s={search_term_string}\"},\"query-input\":{\"@type\":\"PropertyValueSpecification\",\"valueRequired\":true,\"valueName\":\"search_term_string\"}}],\"inLanguage\":\"fr-FR\"},{\"@type\":\"Organization\",\"@id\":\"https:\\\/\\\/www.efistudios.gr\\\/fr\\\/#organization\",\"name\":\"Efi Studios & Apartments\",\"url\":\"https:\\\/\\\/www.efistudios.gr\\\/fr\\\/\",\"logo\":{\"@type\":\"ImageObject\",\"inLanguage\":\"fr-FR\",\"@id\":\"https:\\\/\\\/www.efistudios.gr\\\/fr\\\/#\\\/schema\\\/logo\\\/image\\\/\",\"url\":\"https:\\\/\\\/www.efistudios.gr\\\/wp-content\\\/uploads\\\/2019\\\/01\\\/efi-studios-logo.jpg\",\"contentUrl\":\"https:\\\/\\\/www.efistudios.gr\\\/wp-content\\\/uploads\\\/2019\\\/01\\\/efi-studios-logo.jpg\",\"width\":176,\"height\":76,\"caption\":\"Efi Studios & Apartments\"},\"image\":{\"@id\":\"https:\\\/\\\/www.efistudios.gr\\\/fr\\\/#\\\/schema\\\/logo\\\/image\\\/\"},\"sameAs\":[\"https:\\\/\\\/www.facebook.com\\\/EfiDriosParos\\\/\"]}]}<\/script>\n<!-- \/ Yoast SEO plugin. -->","yoast_head_json":{"title":"Contacter - Efi Studios &amp; Appartements","robots":{"index":"index","follow":"follow","max-snippet":"max-snippet:-1","max-image-preview":"max-image-preview:large","max-video-preview":"max-video-preview:-1"},"canonical":"https:\/\/www.efistudios.gr\/fr\/contact\/","og_locale":"fr_FR","og_type":"article","og_title":"Contacter - Efi Studios &amp; Appartements","og_url":"https:\/\/www.efistudios.gr\/fr\/contact\/","og_site_name":"Efi Studios &amp; Appartements","article_publisher":"https:\/\/www.facebook.com\/EfiDriosParos\/","article_modified_time":"2026-04-14T16:18:15+00:00","og_image":[{"width":1100,"height":1363,"url":"https:\/\/www.efistudios.gr\/wp-content\/uploads\/2015\/02\/bottle_glass.jpg","type":"image\/jpeg"}],"twitter_card":"summary_large_image","twitter_misc":{"Dur\u00e9e de lecture estim\u00e9e":"8 minutes"},"schema":{"@context":"https:\/\/schema.org","@graph":[{"@type":"WebPage","@id":"https:\/\/www.efistudios.gr\/fr\/contact\/","url":"https:\/\/www.efistudios.gr\/fr\/contact\/","name":"Contacter - Efi Studios &amp; Appartements","isPartOf":{"@id":"https:\/\/www.efistudios.gr\/fr\/#website"},"primaryImageOfPage":{"@id":"https:\/\/www.efistudios.gr\/fr\/contact\/#primaryimage"},"image":{"@id":"https:\/\/www.efistudios.gr\/fr\/contact\/#primaryimage"},"thumbnailUrl":"https:\/\/www.efistudios.gr\/wp-content\/uploads\/2015\/02\/bottle_glass.jpg","datePublished":"2019-01-03T18:17:08+00:00","dateModified":"2026-04-14T16:18:15+00:00","breadcrumb":{"@id":"https:\/\/www.efistudios.gr\/fr\/contact\/#breadcrumb"},"inLanguage":"fr-FR","potentialAction":[{"@type":"ReadAction","target":["https:\/\/www.efistudios.gr\/fr\/contact\/"]}]},{"@type":"ImageObject","inLanguage":"fr-FR","@id":"https:\/\/www.efistudios.gr\/fr\/contact\/#primaryimage","url":"https:\/\/www.efistudios.gr\/wp-content\/uploads\/2015\/02\/bottle_glass.jpg","contentUrl":"https:\/\/www.efistudios.gr\/wp-content\/uploads\/2015\/02\/bottle_glass.jpg","width":1100,"height":1363},{"@type":"BreadcrumbList","@id":"https:\/\/www.efistudios.gr\/fr\/contact\/#breadcrumb","itemListElement":[{"@type":"ListItem","position":1,"name":"Home","item":"https:\/\/www.efistudios.gr\/fr\/"},{"@type":"ListItem","position":2,"name":"Contacter"}]},{"@type":"WebSite","@id":"https:\/\/www.efistudios.gr\/fr\/#website","url":"https:\/\/www.efistudios.gr\/fr\/","name":"Efi Studios &amp; Appartements","description":"H\u00e9bergement sur l\u2019\u00cele de Paros","publisher":{"@id":"https:\/\/www.efistudios.gr\/fr\/#organization"},"potentialAction":[{"@type":"SearchAction","target":{"@type":"EntryPoint","urlTemplate":"https:\/\/www.efistudios.gr\/fr\/?s={search_term_string}"},"query-input":{"@type":"PropertyValueSpecification","valueRequired":true,"valueName":"search_term_string"}}],"inLanguage":"fr-FR"},{"@type":"Organization","@id":"https:\/\/www.efistudios.gr\/fr\/#organization","name":"Efi Studios & Apartments","url":"https:\/\/www.efistudios.gr\/fr\/","logo":{"@type":"ImageObject","inLanguage":"fr-FR","@id":"https:\/\/www.efistudios.gr\/fr\/#\/schema\/logo\/image\/","url":"https:\/\/www.efistudios.gr\/wp-content\/uploads\/2019\/01\/efi-studios-logo.jpg","contentUrl":"https:\/\/www.efistudios.gr\/wp-content\/uploads\/2019\/01\/efi-studios-logo.jpg","width":176,"height":76,"caption":"Efi Studios & Apartments"},"image":{"@id":"https:\/\/www.efistudios.gr\/fr\/#\/schema\/logo\/image\/"},"sameAs":["https:\/\/www.facebook.com\/EfiDriosParos\/"]}]}},"_links":{"self":[{"href":"https:\/\/www.efistudios.gr\/fr\/wp-json\/wp\/v2\/pages\/2575","targetHints":{"allow":["GET"]}}],"collection":[{"href":"https:\/\/www.efistudios.gr\/fr\/wp-json\/wp\/v2\/pages"}],"about":[{"href":"https:\/\/www.efistudios.gr\/fr\/wp-json\/wp\/v2\/types\/page"}],"author":[{"embeddable":true,"href":"https:\/\/www.efistudios.gr\/fr\/wp-json\/wp\/v2\/users\/1"}],"replies":[{"embeddable":true,"href":"https:\/\/www.efistudios.gr\/fr\/wp-json\/wp\/v2\/comments?post=2575"}],"version-history":[{"count":41,"href":"https:\/\/www.efistudios.gr\/fr\/wp-json\/wp\/v2\/pages\/2575\/revisions"}],"predecessor-version":[{"id":35450,"href":"https:\/\/www.efistudios.gr\/fr\/wp-json\/wp\/v2\/pages\/2575\/revisions\/35450"}],"wp:featuredmedia":[{"embeddable":true,"href":"https:\/\/www.efistudios.gr\/fr\/wp-json\/wp\/v2\/media\/3802"}],"wp:attachment":[{"href":"https:\/\/www.efistudios.gr\/fr\/wp-json\/wp\/v2\/media?parent=2575"}],"curies":[{"name":"wp","href":"https:\/\/api.w.org\/{rel}","templated":true}]}}